{"id":2175,"date":"2015-12-15T02:34:36","date_gmt":"2015-12-15T02:34:36","guid":{"rendered":"https:\/\/www.iridaresort.gr\/?page_id=2175"},"modified":"2018-09-03T19:28:06","modified_gmt":"2018-09-03T19:28:06","slug":"2175-2","status":"publish","type":"page","link":"https:\/\/www.iridaresort.gr\/it\/2175-2\/","title":{"rendered":"Contatto"},"content":{"rendered":"<p><strong>Accesso Compagnia aerea:<\/strong><br \/>\nCon l&#8217;aereo si arriva a Aeroporti: Atene ATH, GPA Araxos o Kalamata KLX. Da aprile a ottobre ci sono molti voli charter dalle principali capitali europee con biglietti economici.<br \/>\nVoli diretti per l&#8217;aeroporto internazionale di Kalamata capitano Vassilis Constantakopoulos (KLX) che collega la zona con le pi\u00f9 importanti citt\u00e0 europee.<\/p>\n<p>La Aegean Airlines, la pi\u00f9 grande compagnia aerea in Grecia, che opera voli diretti da D\u00fcsseldorf a partire dal mese di marzo, e da Stoccolma, ma anche da Monaco di Baviera, a partire da febbraio. Inoltre, voli diretti da Parigi, Mosca, Kiev e San Pietroburgo a partire da maggio.<\/p>\n<p>Con percorsi attraverso Vienna a partire da marzo, FlyNiki \/ Airberlin collega Amburgo, Berlino, Hannover, Francoforte, Monaco, Zurigo e Dusseldorf a Kalamata International Airport. Inoltre, il myHoliday austriaca collega Vienna a Kalamata, una volta alla settimana da maggio. In parallelo, i percorsi settimanali Condor Airlines voli da Dusseldorf, Monaco, Stoccarda e Francoforte eseguiti da maggio.<\/p>\n<p>Le rotte Easyjet da Londra Gatwick a partire dall&#8217;aeroporto di aprile e da Amburgo a partire da giugno e si \u00e8 esibito due volte a settimana. Dal mese di aprile, Ryanair vola due volte alla settimana da Milano (Bergamo). La societ\u00e0 Thomas Cook effettua voli stagionali scalo a Kalamata dal Regno Unito (Londra, Manchester e Glasgow), mentre SAS collega Kalamata a Oslo, Transavia \u00e8 in viaggio di Amsterdam e servizi a Praga. L&#8217;Astra Airlines opera voli da e per Salonicco.<\/p>\n<p><strong>Come raggiungere a Irida Resort in auto:<\/strong><\/p>\n<p>L&#8217;accesso a BW Irida Resort \u00e8 facilmente raggiungibile in auto da Atene, la capitale \u00e8 di 230 km. La distanza strada dall&#8217;aeroporto internazionale di Kalamata dista 50 km.<br \/>\nTrasporto in taxi privati \u200b\u200bsono disponibili da \/ per l&#8217;aeroporto internazionale di Atene e da \/ per l&#8217;aeroporto internazionale di Kalamata.<br \/>\nDa Atene 230 km, 2,30 ore viaggio in macchina (TRIPOLI)<br \/>\n150 km da Patrasso, 1 ora e 30 minuti [per via auto]<br \/>\n58 km da Kalamata, a 45 minuti [per via auto]<br \/>\n5 km dalla KYPARISSIA, a 5 minuti [per via auto]<br \/>\nIn treno scendere alla stazione di Kalo Nero. (Provvisoria senza servizi)<br \/>\nIn autobus l&#8217;autobus da Atene (Stazione Kifissos, 3 ore).<\/p>\n<p><strong>Ferry accesso in barca:<\/strong><br \/>\nIl porto di Patrasso \u00e8 il principale punto di arrivo per i visitatori che arrivano in Grecia dai porti di Italia (Venezia, Ancona, Bari, Brindisi). Distanze stradali dal porto di Patrasso BW Irida Resort dista meno di 150 chilometri.<br \/>\nI porti turistici di Kyparissia, Pilo offrono tutti i servizi necessari per ospitare barche private, yacht, barche a vela.<br \/>\nKalamata ha inoltre moderno porto turistico, grande porto che pu\u00f2 ospitare le navi da crociera provenienti da ogni parte del Mediterraneo.<\/p>\n<p><strong>Come raggiungere in albergo:<\/strong><\/p>\n<p>Da aprile a ottobre ci sono molti voli charter per l&#8217;aeroporto di Kalamata e Araxos Airport (Patrasso), da varie citt\u00e0 europee. Inoltre, ci sono voli giornalieri di linea da parte dei paesi europei a Aeroporto Internazionale di Atene. La distanza Atene -Tripoli &#8211; Kyparissia \u00e8 lungo 230 km e pu\u00f2 essere coperto in auto in circa meno di 3 ore. La strada che vi porta attraverso i vigneti di Corinto e le masse montuose della Arcadia prima di raggiungere la Messenia fertile valle. Dalla strada statale girare a destra per Patrasso -Pyrgos-Kyparissia venire al villaggio di Kalo Nero, portano alla spiaggia e poi girare a destra. Ci troverete dopo 300 metri, sulla vostra destra.<\/p>\n<p><strong>Se necessario siamo in grado di prendere accordi per un trasferimento in taxi o un auto a noleggio.<\/strong><\/p>\n<p>Se state programmando un viaggio con la propria auto, ci sono servizi traghetto giornalieri da Italia (Venezia, Ancona, Bari, Brindisi) a Patrasso. La distanza Patrasso &#8211; Kalo Nero \u00e8 di circa 150 km (meno di 2 ore di auto). Kyparissia \u00e8 anche collegata ad Atene con l&#8217;autobus. Il bus pu\u00f2 essere preso alla stazione degli autobus di Kifissos ad Atene e copre la distanza in circa 3 ore. Ci sono diversi servizi di autobus per tutta la giornata.<\/p>\n<p><strong>Irida Resort per il vostro GPS: N 37,30570 E 021,69649<\/strong><\/p>\n","protected":false},"excerpt":{"rendered":"<p>Accesso Compagnia aerea: Con l&#8217;aereo si arriva a Aeroporti: Atene ATH, GPA Araxos o Kalamata KLX. Da aprile a ottobre ci sono molti voli charter dalle principali capitali europee con&#8230;<\/p>\n","protected":false},"author":2,"featured_media":0,"parent":0,"menu_order":0,"comment_status":"closed","ping_status":"closed","template":"template-contact.php","meta":[],"yst_prominent_words":[257,224,252,260,237,220,255,228,266,263,269,248,242,218,251,230,239,222,233,244],"yoast_head":"<!-- This site is optimized with the Yoast SEO Premium plugin v14.3 - https:\/\/yoast.com\/wordpress\/plugins\/seo\/ -->\n<title>Contatto - Irida Resort Suites<\/title>\n<meta name=\"robots\" content=\"index, follow\" \/>\n<meta name=\"googlebot\" content=\"index, follow, max-snippet:-1, max-image-preview:large, max-video-preview:-1\" \/>\n<meta name=\"bingbot\" content=\"index, follow, max-snippet:-1, max-image-preview:large, max-video-preview:-1\" \/>\n<link rel=\"canonical\" href=\"https:\/\/www.iridaresort.gr\/it\/2175-2\/\" \/>\n<meta property=\"og:locale\" content=\"it_IT\" \/>\n<meta property=\"og:type\" content=\"article\" \/>\n<meta property=\"og:title\" content=\"Contatto - Irida Resort Suites\" \/>\n<meta property=\"og:description\" content=\"Accesso Compagnia aerea: Con l&#8217;aereo si arriva a Aeroporti: Atene ATH, GPA Araxos o Kalamata KLX. Da aprile a ottobre ci sono molti voli charter dalle principali capitali europee con...\" \/>\n<meta property=\"og:url\" content=\"https:\/\/www.iridaresort.gr\/it\/2175-2\/\" \/>\n<meta property=\"og:site_name\" content=\"Irida Resort Suites\" \/>\n<meta property=\"article:publisher\" content=\"https:\/\/www.facebook.com\/Iridaresort\" \/>\n<meta property=\"article:modified_time\" content=\"2018-09-03T19:28:06+00:00\" \/>\n<meta name=\"twitter:card\" content=\"summary\" \/>\n<meta name=\"twitter:creator\" content=\"@Iridaresort\" \/>\n<meta name=\"twitter:site\" content=\"@Iridaresort\" \/>\n<script type=\"application\/ld+json\" class=\"yoast-schema-graph\">{\"@context\":\"https:\/\/schema.org\",\"@graph\":[{\"@type\":\"Organization\",\"@id\":\"https:\/\/www.iridaresort.gr\/it\/#organization\",\"name\":\"Irida Resort Suites\",\"url\":\"https:\/\/www.iridaresort.gr\/it\/\",\"sameAs\":[\"https:\/\/www.facebook.com\/Iridaresort\",\"https:\/\/www.instagram.com\/iridaresort\/\",\"https:\/\/www.linkedin.com\/company\/1643339\/admin\/dashboard\/\",\"https:\/\/www.youtube.com\/user\/Iridaresort\",\"https:\/\/www.pinterest.com\/iridaresort\/\",\"https:\/\/twitter.com\/Iridaresort\"],\"logo\":{\"@type\":\"ImageObject\",\"@id\":\"https:\/\/www.iridaresort.gr\/it\/#logo\",\"inLanguage\":\"it-IT\",\"url\":\"https:\/\/www.iridaresort.gr\/wp-content\/uploads\/2016\/02\/logo.png\",\"width\":103,\"height\":100,\"caption\":\"Irida Resort Suites\"},\"image\":{\"@id\":\"https:\/\/www.iridaresort.gr\/it\/#logo\"}},{\"@type\":\"WebSite\",\"@id\":\"https:\/\/www.iridaresort.gr\/it\/#website\",\"url\":\"https:\/\/www.iridaresort.gr\/it\/\",\"name\":\"Irida Resort Suites\",\"description\":\"\",\"publisher\":{\"@id\":\"https:\/\/www.iridaresort.gr\/it\/#organization\"},\"potentialAction\":[{\"@type\":\"SearchAction\",\"target\":\"https:\/\/www.iridaresort.gr\/it\/?s={search_term_string}\",\"query-input\":\"required name=search_term_string\"}],\"inLanguage\":\"it-IT\"},{\"@type\":\"WebPage\",\"@id\":\"https:\/\/www.iridaresort.gr\/it\/2175-2\/#webpage\",\"url\":\"https:\/\/www.iridaresort.gr\/it\/2175-2\/\",\"name\":\"Contatto - Irida Resort Suites\",\"isPartOf\":{\"@id\":\"https:\/\/www.iridaresort.gr\/it\/#website\"},\"datePublished\":\"2015-12-15T02:34:36+00:00\",\"dateModified\":\"2018-09-03T19:28:06+00:00\",\"inLanguage\":\"it-IT\",\"potentialAction\":[{\"@type\":\"ReadAction\",\"target\":[\"https:\/\/www.iridaresort.gr\/it\/2175-2\/\"]}]}]}<\/script>\n<!-- \/ Yoast SEO Premium plugin. -->","_links":{"self":[{"href":"https:\/\/www.iridaresort.gr\/it\/wp-json\/wp\/v2\/pages\/2175"}],"collection":[{"href":"https:\/\/www.iridaresort.gr\/it\/wp-json\/wp\/v2\/pages"}],"about":[{"href":"https:\/\/www.iridaresort.gr\/it\/wp-json\/wp\/v2\/types\/page"}],"author":[{"embeddable":true,"href":"https:\/\/www.iridaresort.gr\/it\/wp-json\/wp\/v2\/users\/2"}],"replies":[{"embeddable":true,"href":"https:\/\/www.iridaresort.gr\/it\/wp-json\/wp\/v2\/comments?post=2175"}],"version-history":[{"count":7,"href":"https:\/\/www.iridaresort.gr\/it\/wp-json\/wp\/v2\/pages\/2175\/revisions"}],"predecessor-version":[{"id":2914,"href":"https:\/\/www.iridaresort.gr\/it\/wp-json\/wp\/v2\/pages\/2175\/revisions\/2914"}],"wp:attachment":[{"href":"https:\/\/www.iridaresort.gr\/it\/wp-json\/wp\/v2\/media?parent=2175"}],"wp:term":[{"taxonomy":"yst_prominent_words","embeddable":true,"href":"https:\/\/www.iridaresort.gr\/it\/wp-json\/wp\/v2\/yst_prominent_words?post=2175"}],"curies":[{"name":"wp","href":"https:\/\/api.w.org\/{rel}","templated":true}]}}