{"id":2196,"date":"2016-01-09T21:58:33","date_gmt":"2016-01-09T21:58:33","guid":{"rendered":"https:\/\/www.iridaresort.gr\/?page_id=2196"},"modified":"2018-05-14T15:57:15","modified_gmt":"2018-05-14T15:57:15","slug":"2196-2","status":"publish","type":"page","link":"https:\/\/www.iridaresort.gr\/it\/irida-resort\/2196-2\/","title":{"rendered":"About us"},"content":{"rendered":"<p><iframe loading=\"lazy\" width=\"1170\" height=\"658\" src=\"https:\/\/www.youtube.com\/embed\/wa1W_yaAZGA?feature=oembed\" frameborder=\"0\" allow=\"autoplay; encrypted-media\" allowfullscreen><\/iframe><\/p>\n<p>Nella mitologia greca , Iris &#8211; Irida \u00e8 la Dea personificato dell&#8217;arcobaleno . Lei \u00e8 considerato come il messaggero degli Dei per l&#8217;umanit\u00e0 , come Hermes \u00e8 il messaggero tra gli Dei, in particolare della dea Hera cui ordini ha portato agli esseri umani. Lei \u00e8 in grado di cambiare forma e quando la consegna dei messaggi ai mortali Iris &#8211; Irida assume l&#8217;aspetto di un mortale familiare a coloro che ricevono il message. So, essere sicuri di soddisfare al BW Irida Resort , nuove persone con nuove idee , nuove culture, a senso e nuove esperienze dal vivo .<\/p>\n","protected":false},"excerpt":{"rendered":"<p>Nella mitologia greca , Iris &#8211; Irida \u00e8 la Dea personificato dell&#8217;arcobaleno . Lei \u00e8 considerato come il messaggero degli Dei per l&#8217;umanit\u00e0 , come Hermes \u00e8 il messaggero tra&#8230;<\/p>\n","protected":false},"author":2,"featured_media":0,"parent":2163,"menu_order":0,"comment_status":"closed","ping_status":"closed","template":"template-about_us.php","meta":[],"yst_prominent_words":[],"yoast_head":"<!-- This site is optimized with the Yoast SEO Premium plugin v14.3 - https:\/\/yoast.com\/wordpress\/plugins\/seo\/ -->\n<title>About us - Irida Resort Suites<\/title>\n<meta name=\"robots\" content=\"index, follow\" \/>\n<meta name=\"googlebot\" content=\"index, follow, max-snippet:-1, max-image-preview:large, max-video-preview:-1\" \/>\n<meta name=\"bingbot\" content=\"index, follow, max-snippet:-1, max-image-preview:large, max-video-preview:-1\" \/>\n<link rel=\"canonical\" href=\"https:\/\/www.iridaresort.gr\/it\/irida-resort\/2196-2\/\" \/>\n<meta property=\"og:locale\" content=\"it_IT\" \/>\n<meta property=\"og:type\" content=\"article\" \/>\n<meta property=\"og:title\" content=\"About us - Irida Resort Suites\" \/>\n<meta property=\"og:description\" content=\"Nella mitologia greca , Iris &#8211; Irida \u00e8 la Dea personificato dell&#8217;arcobaleno . Lei \u00e8 considerato come il messaggero degli Dei per l&#8217;umanit\u00e0 , come Hermes \u00e8 il messaggero tra...\" \/>\n<meta property=\"og:url\" content=\"https:\/\/www.iridaresort.gr\/it\/irida-resort\/2196-2\/\" \/>\n<meta property=\"og:site_name\" content=\"Irida Resort Suites\" \/>\n<meta property=\"article:publisher\" content=\"https:\/\/www.facebook.com\/Iridaresort\" \/>\n<meta property=\"article:modified_time\" content=\"2018-05-14T15:57:15+00:00\" \/>\n<meta name=\"twitter:card\" content=\"summary\" \/>\n<meta name=\"twitter:creator\" content=\"@Iridaresort\" \/>\n<meta name=\"twitter:site\" content=\"@Iridaresort\" \/>\n<script type=\"application\/ld+json\" class=\"yoast-schema-graph\">{\"@context\":\"https:\/\/schema.org\",\"@graph\":[{\"@type\":\"Organization\",\"@id\":\"https:\/\/www.iridaresort.gr\/it\/#organization\",\"name\":\"Irida Resort Suites\",\"url\":\"https:\/\/www.iridaresort.gr\/it\/\",\"sameAs\":[\"https:\/\/www.facebook.com\/Iridaresort\",\"https:\/\/www.instagram.com\/iridaresort\/\",\"https:\/\/www.linkedin.com\/company\/1643339\/admin\/dashboard\/\",\"https:\/\/www.youtube.com\/user\/Iridaresort\",\"https:\/\/www.pinterest.com\/iridaresort\/\",\"https:\/\/twitter.com\/Iridaresort\"],\"logo\":{\"@type\":\"ImageObject\",\"@id\":\"https:\/\/www.iridaresort.gr\/it\/#logo\",\"inLanguage\":\"it-IT\",\"url\":\"https:\/\/www.iridaresort.gr\/wp-content\/uploads\/2016\/02\/logo.png\",\"width\":103,\"height\":100,\"caption\":\"Irida Resort Suites\"},\"image\":{\"@id\":\"https:\/\/www.iridaresort.gr\/it\/#logo\"}},{\"@type\":\"WebSite\",\"@id\":\"https:\/\/www.iridaresort.gr\/it\/#website\",\"url\":\"https:\/\/www.iridaresort.gr\/it\/\",\"name\":\"Irida Resort Suites\",\"description\":\"\",\"publisher\":{\"@id\":\"https:\/\/www.iridaresort.gr\/it\/#organization\"},\"potentialAction\":[{\"@type\":\"SearchAction\",\"target\":\"https:\/\/www.iridaresort.gr\/it\/?s={search_term_string}\",\"query-input\":\"required name=search_term_string\"}],\"inLanguage\":\"it-IT\"},{\"@type\":\"WebPage\",\"@id\":\"https:\/\/www.iridaresort.gr\/it\/irida-resort\/2196-2\/#webpage\",\"url\":\"https:\/\/www.iridaresort.gr\/it\/irida-resort\/2196-2\/\",\"name\":\"About us - Irida Resort Suites\",\"isPartOf\":{\"@id\":\"https:\/\/www.iridaresort.gr\/it\/#website\"},\"datePublished\":\"2016-01-09T21:58:33+00:00\",\"dateModified\":\"2018-05-14T15:57:15+00:00\",\"inLanguage\":\"it-IT\",\"potentialAction\":[{\"@type\":\"ReadAction\",\"target\":[\"https:\/\/www.iridaresort.gr\/it\/irida-resort\/2196-2\/\"]}]}]}<\/script>\n<!-- \/ Yoast SEO Premium plugin. -->","_links":{"self":[{"href":"https:\/\/www.iridaresort.gr\/it\/wp-json\/wp\/v2\/pages\/2196"}],"collection":[{"href":"https:\/\/www.iridaresort.gr\/it\/wp-json\/wp\/v2\/pages"}],"about":[{"href":"https:\/\/www.iridaresort.gr\/it\/wp-json\/wp\/v2\/types\/page"}],"author":[{"embeddable":true,"href":"https:\/\/www.iridaresort.gr\/it\/wp-json\/wp\/v2\/users\/2"}],"replies":[{"embeddable":true,"href":"https:\/\/www.iridaresort.gr\/it\/wp-json\/wp\/v2\/comments?post=2196"}],"version-history":[{"count":3,"href":"https:\/\/www.iridaresort.gr\/it\/wp-json\/wp\/v2\/pages\/2196\/revisions"}],"predecessor-version":[{"id":2748,"href":"https:\/\/www.iridaresort.gr\/it\/wp-json\/wp\/v2\/pages\/2196\/revisions\/2748"}],"up":[{"embeddable":true,"href":"https:\/\/www.iridaresort.gr\/it\/wp-json\/wp\/v2\/pages\/2163"}],"wp:attachment":[{"href":"https:\/\/www.iridaresort.gr\/it\/wp-json\/wp\/v2\/media?parent=2196"}],"wp:term":[{"taxonomy":"yst_prominent_words","embeddable":true,"href":"https:\/\/www.iridaresort.gr\/it\/wp-json\/wp\/v2\/yst_prominent_words?post=2196"}],"curies":[{"name":"wp","href":"https:\/\/api.w.org\/{rel}","templated":true}]}}